{"id":2068,"date":"2023-10-02T22:14:34","date_gmt":"2023-10-02T20:14:34","guid":{"rendered":"http:\/\/alexandregaillard.fr\/index.php\/commande\/echec-de-la-transaction\/"},"modified":"2023-10-02T22:14:34","modified_gmt":"2023-10-02T20:14:34","slug":"echec-de-la-transaction","status":"publish","type":"page","link":"https:\/\/www.alexandregaillard.fr\/index.php\/commande\/echec-de-la-transaction\/","title":{"rendered":"\u00c9chec de la transaction"},"content":{"rendered":"<p>Votre transaction a \u00e9chou\u00e9. Veuillez r\u00e9essayer ou contacter le support du site.<\/p>","protected":false},"excerpt":{"rendered":"<p>Votre transaction a \u00e9chou\u00e9. Veuillez r\u00e9essayer ou contacter le support du site.<\/p>\n","protected":false},"author":1,"featured_media":0,"parent":2066,"menu_order":0,"comment_status":"closed","ping_status":"closed","template":"","meta":{"footnotes":""},"class_list":["post-2068","page","type-page","status-publish","hentry"],"yoast_head":"<!-- This site is optimized with the Yoast SEO plugin v27.3 - https:\/\/yoast.com\/product\/yoast-seo-wordpress\/ -->\n<title>\u00c9chec de la transaction - Alexandre Gaillard<\/title>\n<meta name=\"robots\" content=\"index, follow, max-snippet:-1, max-image-preview:large, max-video-preview:-1\" \/>\n<link rel=\"canonical\" href=\"https:\/\/www.alexandregaillard.fr\/index.php\/commande\/echec-de-la-transaction\/\" \/>\n<meta property=\"og:locale\" content=\"fr_FR\" \/>\n<meta property=\"og:type\" content=\"article\" \/>\n<meta property=\"og:title\" content=\"\u00c9chec de la transaction - Alexandre Gaillard\" \/>\n<meta property=\"og:description\" content=\"Votre transaction a \u00e9chou\u00e9. Veuillez r\u00e9essayer ou contacter le support du site.\" \/>\n<meta property=\"og:url\" content=\"https:\/\/www.alexandregaillard.fr\/index.php\/commande\/echec-de-la-transaction\/\" \/>\n<meta property=\"og:site_name\" content=\"Alexandre Gaillard\" \/>\n<meta property=\"article:publisher\" content=\"https:\/\/www.facebook.com\/alexgaillardauteur\" \/>\n<meta name=\"twitter:card\" content=\"summary_large_image\" \/>\n<meta name=\"twitter:site\" content=\"@alx_gaillard\" \/>\n<script type=\"application\/ld+json\" class=\"yoast-schema-graph\">{\"@context\":\"https:\\\/\\\/schema.org\",\"@graph\":[{\"@type\":\"WebPage\",\"@id\":\"https:\\\/\\\/www.alexandregaillard.fr\\\/index.php\\\/commande\\\/echec-de-la-transaction\\\/\",\"url\":\"https:\\\/\\\/www.alexandregaillard.fr\\\/index.php\\\/commande\\\/echec-de-la-transaction\\\/\",\"name\":\"\u00c9chec de la transaction - Alexandre Gaillard\",\"isPartOf\":{\"@id\":\"https:\\\/\\\/www.alexandregaillard.fr\\\/#website\"},\"datePublished\":\"2023-10-02T20:14:34+00:00\",\"breadcrumb\":{\"@id\":\"https:\\\/\\\/www.alexandregaillard.fr\\\/index.php\\\/commande\\\/echec-de-la-transaction\\\/#breadcrumb\"},\"inLanguage\":\"fr-FR\",\"potentialAction\":[{\"@type\":\"ReadAction\",\"target\":[\"https:\\\/\\\/www.alexandregaillard.fr\\\/index.php\\\/commande\\\/echec-de-la-transaction\\\/\"]}]},{\"@type\":\"BreadcrumbList\",\"@id\":\"https:\\\/\\\/www.alexandregaillard.fr\\\/index.php\\\/commande\\\/echec-de-la-transaction\\\/#breadcrumb\",\"itemListElement\":[{\"@type\":\"ListItem\",\"position\":1,\"name\":\"Accueil\",\"item\":\"https:\\\/\\\/www.alexandregaillard.fr\\\/\"},{\"@type\":\"ListItem\",\"position\":2,\"name\":\"Commande\",\"item\":\"https:\\\/\\\/www.alexandregaillard.fr\\\/index.php\\\/commande\\\/\"},{\"@type\":\"ListItem\",\"position\":3,\"name\":\"\u00c9chec de la transaction\"}]},{\"@type\":\"WebSite\",\"@id\":\"https:\\\/\\\/www.alexandregaillard.fr\\\/#website\",\"url\":\"https:\\\/\\\/www.alexandregaillard.fr\\\/\",\"name\":\"Alexandre Gaillard\",\"description\":\"Auteur ind\u00e9pendant aux portes du fantastique\",\"publisher\":{\"@id\":\"https:\\\/\\\/www.alexandregaillard.fr\\\/#\\\/schema\\\/person\\\/0d4ca569881cd2457734b9cb8bb87924\"},\"potentialAction\":[{\"@type\":\"SearchAction\",\"target\":{\"@type\":\"EntryPoint\",\"urlTemplate\":\"https:\\\/\\\/www.alexandregaillard.fr\\\/?s={search_term_string}\"},\"query-input\":{\"@type\":\"PropertyValueSpecification\",\"valueRequired\":true,\"valueName\":\"search_term_string\"}}],\"inLanguage\":\"fr-FR\"},{\"@type\":[\"Person\",\"Organization\"],\"@id\":\"https:\\\/\\\/www.alexandregaillard.fr\\\/#\\\/schema\\\/person\\\/0d4ca569881cd2457734b9cb8bb87924\",\"name\":\"Alexandre Gaillard\",\"image\":{\"@type\":\"ImageObject\",\"inLanguage\":\"fr-FR\",\"@id\":\"http:\\\/\\\/alexandregaillard.fr\\\/wp-content\\\/uploads\\\/2023\\\/04\\\/IMG_1635-scaled-e1681375852405.jpg\",\"url\":\"http:\\\/\\\/alexandregaillard.fr\\\/wp-content\\\/uploads\\\/2023\\\/04\\\/IMG_1635-scaled-e1681375852405.jpg\",\"contentUrl\":\"http:\\\/\\\/alexandregaillard.fr\\\/wp-content\\\/uploads\\\/2023\\\/04\\\/IMG_1635-scaled-e1681375852405.jpg\",\"width\":1440,\"height\":1651,\"caption\":\"Alexandre Gaillard\"},\"logo\":{\"@id\":\"http:\\\/\\\/alexandregaillard.fr\\\/wp-content\\\/uploads\\\/2023\\\/04\\\/IMG_1635-scaled-e1681375852405.jpg\"},\"sameAs\":[\"https:\\\/\\\/www.facebook.com\\\/alexgaillardauteur\",\"https:\\\/\\\/instagram.com\\\/alexgaillardauteur?igshid=YmMyMTA2M2Y=\",\"https:\\\/\\\/x.com\\\/alx_gaillard\"]}]}<\/script>\n<!-- \/ Yoast SEO plugin. -->","yoast_head_json":{"title":"\u00c9chec de la transaction - Alexandre Gaillard","robots":{"index":"index","follow":"follow","max-snippet":"max-snippet:-1","max-image-preview":"max-image-preview:large","max-video-preview":"max-video-preview:-1"},"canonical":"https:\/\/www.alexandregaillard.fr\/index.php\/commande\/echec-de-la-transaction\/","og_locale":"fr_FR","og_type":"article","og_title":"\u00c9chec de la transaction - Alexandre Gaillard","og_description":"Votre transaction a \u00e9chou\u00e9. Veuillez r\u00e9essayer ou contacter le support du site.","og_url":"https:\/\/www.alexandregaillard.fr\/index.php\/commande\/echec-de-la-transaction\/","og_site_name":"Alexandre Gaillard","article_publisher":"https:\/\/www.facebook.com\/alexgaillardauteur","twitter_card":"summary_large_image","twitter_site":"@alx_gaillard","schema":{"@context":"https:\/\/schema.org","@graph":[{"@type":"WebPage","@id":"https:\/\/www.alexandregaillard.fr\/index.php\/commande\/echec-de-la-transaction\/","url":"https:\/\/www.alexandregaillard.fr\/index.php\/commande\/echec-de-la-transaction\/","name":"\u00c9chec de la transaction - Alexandre Gaillard","isPartOf":{"@id":"https:\/\/www.alexandregaillard.fr\/#website"},"datePublished":"2023-10-02T20:14:34+00:00","breadcrumb":{"@id":"https:\/\/www.alexandregaillard.fr\/index.php\/commande\/echec-de-la-transaction\/#breadcrumb"},"inLanguage":"fr-FR","potentialAction":[{"@type":"ReadAction","target":["https:\/\/www.alexandregaillard.fr\/index.php\/commande\/echec-de-la-transaction\/"]}]},{"@type":"BreadcrumbList","@id":"https:\/\/www.alexandregaillard.fr\/index.php\/commande\/echec-de-la-transaction\/#breadcrumb","itemListElement":[{"@type":"ListItem","position":1,"name":"Accueil","item":"https:\/\/www.alexandregaillard.fr\/"},{"@type":"ListItem","position":2,"name":"Commande","item":"https:\/\/www.alexandregaillard.fr\/index.php\/commande\/"},{"@type":"ListItem","position":3,"name":"\u00c9chec de la transaction"}]},{"@type":"WebSite","@id":"https:\/\/www.alexandregaillard.fr\/#website","url":"https:\/\/www.alexandregaillard.fr\/","name":"Alexandre Gaillard","description":"Auteur ind\u00e9pendant aux portes du fantastique","publisher":{"@id":"https:\/\/www.alexandregaillard.fr\/#\/schema\/person\/0d4ca569881cd2457734b9cb8bb87924"},"potentialAction":[{"@type":"SearchAction","target":{"@type":"EntryPoint","urlTemplate":"https:\/\/www.alexandregaillard.fr\/?s={search_term_string}"},"query-input":{"@type":"PropertyValueSpecification","valueRequired":true,"valueName":"search_term_string"}}],"inLanguage":"fr-FR"},{"@type":["Person","Organization"],"@id":"https:\/\/www.alexandregaillard.fr\/#\/schema\/person\/0d4ca569881cd2457734b9cb8bb87924","name":"Alexandre Gaillard","image":{"@type":"ImageObject","inLanguage":"fr-FR","@id":"http:\/\/alexandregaillard.fr\/wp-content\/uploads\/2023\/04\/IMG_1635-scaled-e1681375852405.jpg","url":"http:\/\/alexandregaillard.fr\/wp-content\/uploads\/2023\/04\/IMG_1635-scaled-e1681375852405.jpg","contentUrl":"http:\/\/alexandregaillard.fr\/wp-content\/uploads\/2023\/04\/IMG_1635-scaled-e1681375852405.jpg","width":1440,"height":1651,"caption":"Alexandre Gaillard"},"logo":{"@id":"http:\/\/alexandregaillard.fr\/wp-content\/uploads\/2023\/04\/IMG_1635-scaled-e1681375852405.jpg"},"sameAs":["https:\/\/www.facebook.com\/alexgaillardauteur","https:\/\/instagram.com\/alexgaillardauteur?igshid=YmMyMTA2M2Y=","https:\/\/x.com\/alx_gaillard"]}]}},"jetpack_likes_enabled":true,"jetpack_sharing_enabled":true,"_links":{"self":[{"href":"https:\/\/www.alexandregaillard.fr\/index.php\/wp-json\/wp\/v2\/pages\/2068","targetHints":{"allow":["GET"]}}],"collection":[{"href":"https:\/\/www.alexandregaillard.fr\/index.php\/wp-json\/wp\/v2\/pages"}],"about":[{"href":"https:\/\/www.alexandregaillard.fr\/index.php\/wp-json\/wp\/v2\/types\/page"}],"author":[{"embeddable":true,"href":"https:\/\/www.alexandregaillard.fr\/index.php\/wp-json\/wp\/v2\/users\/1"}],"replies":[{"embeddable":true,"href":"https:\/\/www.alexandregaillard.fr\/index.php\/wp-json\/wp\/v2\/comments?post=2068"}],"version-history":[{"count":0,"href":"https:\/\/www.alexandregaillard.fr\/index.php\/wp-json\/wp\/v2\/pages\/2068\/revisions"}],"up":[{"embeddable":true,"href":"https:\/\/www.alexandregaillard.fr\/index.php\/wp-json\/wp\/v2\/pages\/2066"}],"wp:attachment":[{"href":"https:\/\/www.alexandregaillard.fr\/index.php\/wp-json\/wp\/v2\/media?parent=2068"}],"curies":[{"name":"wp","href":"https:\/\/api.w.org\/{rel}","templated":true}]}}