{"id":1448,"date":"2023-06-20T19:13:52","date_gmt":"2023-06-20T17:13:52","guid":{"rendered":"http:\/\/alexandregaillard.fr\/?post_type=product&#038;p=1448"},"modified":"2025-01-07T10:34:58","modified_gmt":"2025-01-07T09:34:58","slug":"demainlechaoskindle","status":"publish","type":"product","link":"https:\/\/www.alexandregaillard.fr\/index.php\/product\/demainlechaoskindle\/","title":{"rendered":"Demain, le Chaos (ebook)"},"content":{"rendered":"<h3>T\u00e9l\u00e9chargez le premier tome Demain, le Chaos en version num\u00e9rique !<\/h3>\n<p>Lien vers la version Kindle de Demain, le Chaos, disponible uniquement \u00e0 l&rsquo;achat sur le site Amazon et l&rsquo;abonnement Amazon Kindle Unlimited.<\/p>\n","protected":false},"excerpt":{"rendered":"<p>T\u00e9l\u00e9chargez le premier tome Demain, le Chaos en version num\u00e9rique ! Lien vers la version Kindle de Demain, le Chaos, disponible uniquement \u00e0 l&rsquo;achat sur le site Amazon et l&rsquo;abonnement Amazon Kindle Unlimited.<\/p>\n","protected":false},"featured_media":3426,"comment_status":"open","ping_status":"closed","template":"elementor_canvas","meta":{"jetpack_publicize_message":"","jetpack_publicize_feature_enabled":true,"jetpack_social_post_already_shared":true,"jetpack_social_options":{"image_generator_settings":{"template":"highway","default_image_id":0,"font":"","enabled":false},"version":2}},"product_brand":[],"product_cat":[17],"product_tag":[],"class_list":{"0":"post-1448","1":"product","2":"type-product","3":"status-publish","4":"has-post-thumbnail","6":"product_cat-roman","8":"first","9":"instock","10":"shipping-taxable","11":"product-type-external"},"yoast_head":"<!-- This site is optimized with the Yoast SEO plugin v27.4 - https:\/\/yoast.com\/product\/yoast-seo-wordpress\/ -->\n<title>Demain, le Chaos (ebook) - Alexandre Gaillard<\/title>\n<meta name=\"description\" content=\"Lien vers la version num\u00e9rique de Demain, le Chaos, disponible uniquement \u00e0 l&#039;achat sur le site Amazon et l&#039;abonnement Amazon Kindle Unlimited.\" \/>\n<meta name=\"robots\" content=\"index, follow, max-snippet:-1, max-image-preview:large, max-video-preview:-1\" \/>\n<link rel=\"canonical\" href=\"https:\/\/www.alexandregaillard.fr\/index.php\/product\/demainlechaoskindle\/\" \/>\n<meta property=\"og:locale\" content=\"fr_FR\" \/>\n<meta property=\"og:type\" content=\"article\" \/>\n<meta property=\"og:title\" content=\"Pack Fl\u00e9au\" \/>\n<meta property=\"og:description\" content=\"Lien vers la version Kindle de Demain, le Chaos, disponible uniquement \u00e0 l&#039;achat sur le site Amazon et l&#039;abonnement Amazon Kindle Unlimited.\" \/>\n<meta property=\"og:url\" content=\"https:\/\/www.alexandregaillard.fr\/index.php\/product\/demainlechaoskindle\/\" \/>\n<meta property=\"og:site_name\" content=\"Alexandre Gaillard\" \/>\n<meta property=\"article:publisher\" content=\"https:\/\/www.facebook.com\/alexgaillardauteur\" \/>\n<meta property=\"article:modified_time\" content=\"2025-01-07T09:34:58+00:00\" \/>\n<meta name=\"twitter:card\" content=\"summary_large_image\" \/>\n<meta name=\"twitter:title\" content=\"Pack Fl\u00e9au\" \/>\n<meta name=\"twitter:description\" content=\"Lien vers la version Kindle de Demain, le Chaos, disponible uniquement \u00e0 l&#039;achat sur le site Amazon et l&#039;abonnement Amazon Kindle Unlimited.\" \/>\n<meta name=\"twitter:site\" content=\"@alx_gaillard\" \/>\n<meta name=\"twitter:label1\" content=\"Dur\u00e9e de lecture estim\u00e9e\" \/>\n\t<meta name=\"twitter:data1\" content=\"1 minute\" \/>\n<script type=\"application\/ld+json\" class=\"yoast-schema-graph\">{\"@context\":\"https:\\\/\\\/schema.org\",\"@graph\":[{\"@type\":\"WebPage\",\"@id\":\"https:\\\/\\\/www.alexandregaillard.fr\\\/index.php\\\/product\\\/demainlechaoskindle\\\/\",\"url\":\"https:\\\/\\\/www.alexandregaillard.fr\\\/index.php\\\/product\\\/demainlechaoskindle\\\/\",\"name\":\"Demain, le Chaos (ebook) - Alexandre Gaillard\",\"isPartOf\":{\"@id\":\"https:\\\/\\\/www.alexandregaillard.fr\\\/#website\"},\"primaryImageOfPage\":{\"@id\":\"https:\\\/\\\/www.alexandregaillard.fr\\\/index.php\\\/product\\\/demainlechaoskindle\\\/#primaryimage\"},\"image\":{\"@id\":\"https:\\\/\\\/www.alexandregaillard.fr\\\/index.php\\\/product\\\/demainlechaoskindle\\\/#primaryimage\"},\"thumbnailUrl\":\"https:\\\/\\\/www.alexandregaillard.fr\\\/wp-content\\\/uploads\\\/2023\\\/06\\\/1725555417.png\",\"datePublished\":\"2023-06-20T17:13:52+00:00\",\"dateModified\":\"2025-01-07T09:34:58+00:00\",\"description\":\"Lien vers la version num\u00e9rique de Demain, le Chaos, disponible uniquement \u00e0 l'achat sur le site Amazon et l'abonnement Amazon Kindle Unlimited.\",\"breadcrumb\":{\"@id\":\"https:\\\/\\\/www.alexandregaillard.fr\\\/index.php\\\/product\\\/demainlechaoskindle\\\/#breadcrumb\"},\"inLanguage\":\"fr-FR\",\"potentialAction\":[{\"@type\":\"ReadAction\",\"target\":[\"https:\\\/\\\/www.alexandregaillard.fr\\\/index.php\\\/product\\\/demainlechaoskindle\\\/\"]}]},{\"@type\":\"ImageObject\",\"inLanguage\":\"fr-FR\",\"@id\":\"https:\\\/\\\/www.alexandregaillard.fr\\\/index.php\\\/product\\\/demainlechaoskindle\\\/#primaryimage\",\"url\":\"https:\\\/\\\/www.alexandregaillard.fr\\\/wp-content\\\/uploads\\\/2023\\\/06\\\/1725555417.png\",\"contentUrl\":\"https:\\\/\\\/www.alexandregaillard.fr\\\/wp-content\\\/uploads\\\/2023\\\/06\\\/1725555417.png\",\"width\":1500,\"height\":1351},{\"@type\":\"BreadcrumbList\",\"@id\":\"https:\\\/\\\/www.alexandregaillard.fr\\\/index.php\\\/product\\\/demainlechaoskindle\\\/#breadcrumb\",\"itemListElement\":[{\"@type\":\"ListItem\",\"position\":1,\"name\":\"Accueil\",\"item\":\"https:\\\/\\\/www.alexandregaillard.fr\\\/\"},{\"@type\":\"ListItem\",\"position\":2,\"name\":\"Boutique\",\"item\":\"https:\\\/\\\/www.alexandregaillard.fr\\\/index.php\\\/boutique\\\/\"},{\"@type\":\"ListItem\",\"position\":3,\"name\":\"Demain, le Chaos (ebook)\"}]},{\"@type\":\"WebSite\",\"@id\":\"https:\\\/\\\/www.alexandregaillard.fr\\\/#website\",\"url\":\"https:\\\/\\\/www.alexandregaillard.fr\\\/\",\"name\":\"Alexandre Gaillard\",\"description\":\"Auteur ind\u00e9pendant aux portes du fantastique\",\"publisher\":{\"@id\":\"https:\\\/\\\/www.alexandregaillard.fr\\\/#\\\/schema\\\/person\\\/0d4ca569881cd2457734b9cb8bb87924\"},\"potentialAction\":[{\"@type\":\"SearchAction\",\"target\":{\"@type\":\"EntryPoint\",\"urlTemplate\":\"https:\\\/\\\/www.alexandregaillard.fr\\\/?s={search_term_string}\"},\"query-input\":{\"@type\":\"PropertyValueSpecification\",\"valueRequired\":true,\"valueName\":\"search_term_string\"}}],\"inLanguage\":\"fr-FR\"},{\"@type\":[\"Person\",\"Organization\"],\"@id\":\"https:\\\/\\\/www.alexandregaillard.fr\\\/#\\\/schema\\\/person\\\/0d4ca569881cd2457734b9cb8bb87924\",\"name\":\"Alexandre Gaillard\",\"image\":{\"@type\":\"ImageObject\",\"inLanguage\":\"fr-FR\",\"@id\":\"http:\\\/\\\/alexandregaillard.fr\\\/wp-content\\\/uploads\\\/2023\\\/04\\\/IMG_1635-scaled-e1681375852405.jpg\",\"url\":\"http:\\\/\\\/alexandregaillard.fr\\\/wp-content\\\/uploads\\\/2023\\\/04\\\/IMG_1635-scaled-e1681375852405.jpg\",\"contentUrl\":\"http:\\\/\\\/alexandregaillard.fr\\\/wp-content\\\/uploads\\\/2023\\\/04\\\/IMG_1635-scaled-e1681375852405.jpg\",\"width\":1440,\"height\":1651,\"caption\":\"Alexandre Gaillard\"},\"logo\":{\"@id\":\"http:\\\/\\\/alexandregaillard.fr\\\/wp-content\\\/uploads\\\/2023\\\/04\\\/IMG_1635-scaled-e1681375852405.jpg\"},\"sameAs\":[\"https:\\\/\\\/www.facebook.com\\\/alexgaillardauteur\",\"https:\\\/\\\/instagram.com\\\/alexgaillardauteur?igshid=YmMyMTA2M2Y=\",\"https:\\\/\\\/x.com\\\/alx_gaillard\"]}]}<\/script>\n<!-- \/ Yoast SEO plugin. -->","yoast_head_json":{"title":"Demain, le Chaos (ebook) - Alexandre Gaillard","description":"Lien vers la version num\u00e9rique de Demain, le Chaos, disponible uniquement \u00e0 l'achat sur le site Amazon et l'abonnement Amazon Kindle Unlimited.","robots":{"index":"index","follow":"follow","max-snippet":"max-snippet:-1","max-image-preview":"max-image-preview:large","max-video-preview":"max-video-preview:-1"},"canonical":"https:\/\/www.alexandregaillard.fr\/index.php\/product\/demainlechaoskindle\/","og_locale":"fr_FR","og_type":"article","og_title":"Pack Fl\u00e9au","og_description":"Lien vers la version Kindle de Demain, le Chaos, disponible uniquement \u00e0 l'achat sur le site Amazon et l'abonnement Amazon Kindle Unlimited.","og_url":"https:\/\/www.alexandregaillard.fr\/index.php\/product\/demainlechaoskindle\/","og_site_name":"Alexandre Gaillard","article_publisher":"https:\/\/www.facebook.com\/alexgaillardauteur","article_modified_time":"2025-01-07T09:34:58+00:00","twitter_card":"summary_large_image","twitter_title":"Pack Fl\u00e9au","twitter_description":"Lien vers la version Kindle de Demain, le Chaos, disponible uniquement \u00e0 l'achat sur le site Amazon et l'abonnement Amazon Kindle Unlimited.","twitter_site":"@alx_gaillard","twitter_misc":{"Dur\u00e9e de lecture estim\u00e9e":"1 minute"},"schema":{"@context":"https:\/\/schema.org","@graph":[{"@type":"WebPage","@id":"https:\/\/www.alexandregaillard.fr\/index.php\/product\/demainlechaoskindle\/","url":"https:\/\/www.alexandregaillard.fr\/index.php\/product\/demainlechaoskindle\/","name":"Demain, le Chaos (ebook) - Alexandre Gaillard","isPartOf":{"@id":"https:\/\/www.alexandregaillard.fr\/#website"},"primaryImageOfPage":{"@id":"https:\/\/www.alexandregaillard.fr\/index.php\/product\/demainlechaoskindle\/#primaryimage"},"image":{"@id":"https:\/\/www.alexandregaillard.fr\/index.php\/product\/demainlechaoskindle\/#primaryimage"},"thumbnailUrl":"https:\/\/www.alexandregaillard.fr\/wp-content\/uploads\/2023\/06\/1725555417.png","datePublished":"2023-06-20T17:13:52+00:00","dateModified":"2025-01-07T09:34:58+00:00","description":"Lien vers la version num\u00e9rique de Demain, le Chaos, disponible uniquement \u00e0 l'achat sur le site Amazon et l'abonnement Amazon Kindle Unlimited.","breadcrumb":{"@id":"https:\/\/www.alexandregaillard.fr\/index.php\/product\/demainlechaoskindle\/#breadcrumb"},"inLanguage":"fr-FR","potentialAction":[{"@type":"ReadAction","target":["https:\/\/www.alexandregaillard.fr\/index.php\/product\/demainlechaoskindle\/"]}]},{"@type":"ImageObject","inLanguage":"fr-FR","@id":"https:\/\/www.alexandregaillard.fr\/index.php\/product\/demainlechaoskindle\/#primaryimage","url":"https:\/\/www.alexandregaillard.fr\/wp-content\/uploads\/2023\/06\/1725555417.png","contentUrl":"https:\/\/www.alexandregaillard.fr\/wp-content\/uploads\/2023\/06\/1725555417.png","width":1500,"height":1351},{"@type":"BreadcrumbList","@id":"https:\/\/www.alexandregaillard.fr\/index.php\/product\/demainlechaoskindle\/#breadcrumb","itemListElement":[{"@type":"ListItem","position":1,"name":"Accueil","item":"https:\/\/www.alexandregaillard.fr\/"},{"@type":"ListItem","position":2,"name":"Boutique","item":"https:\/\/www.alexandregaillard.fr\/index.php\/boutique\/"},{"@type":"ListItem","position":3,"name":"Demain, le Chaos (ebook)"}]},{"@type":"WebSite","@id":"https:\/\/www.alexandregaillard.fr\/#website","url":"https:\/\/www.alexandregaillard.fr\/","name":"Alexandre Gaillard","description":"Auteur ind\u00e9pendant aux portes du fantastique","publisher":{"@id":"https:\/\/www.alexandregaillard.fr\/#\/schema\/person\/0d4ca569881cd2457734b9cb8bb87924"},"potentialAction":[{"@type":"SearchAction","target":{"@type":"EntryPoint","urlTemplate":"https:\/\/www.alexandregaillard.fr\/?s={search_term_string}"},"query-input":{"@type":"PropertyValueSpecification","valueRequired":true,"valueName":"search_term_string"}}],"inLanguage":"fr-FR"},{"@type":["Person","Organization"],"@id":"https:\/\/www.alexandregaillard.fr\/#\/schema\/person\/0d4ca569881cd2457734b9cb8bb87924","name":"Alexandre Gaillard","image":{"@type":"ImageObject","inLanguage":"fr-FR","@id":"http:\/\/alexandregaillard.fr\/wp-content\/uploads\/2023\/04\/IMG_1635-scaled-e1681375852405.jpg","url":"http:\/\/alexandregaillard.fr\/wp-content\/uploads\/2023\/04\/IMG_1635-scaled-e1681375852405.jpg","contentUrl":"http:\/\/alexandregaillard.fr\/wp-content\/uploads\/2023\/04\/IMG_1635-scaled-e1681375852405.jpg","width":1440,"height":1651,"caption":"Alexandre Gaillard"},"logo":{"@id":"http:\/\/alexandregaillard.fr\/wp-content\/uploads\/2023\/04\/IMG_1635-scaled-e1681375852405.jpg"},"sameAs":["https:\/\/www.facebook.com\/alexgaillardauteur","https:\/\/instagram.com\/alexgaillardauteur?igshid=YmMyMTA2M2Y=","https:\/\/x.com\/alx_gaillard"]}]}},"jetpack_publicize_connections":[],"jetpack_likes_enabled":true,"jetpack_sharing_enabled":true,"_links":{"self":[{"href":"https:\/\/www.alexandregaillard.fr\/index.php\/wp-json\/wp\/v2\/product\/1448","targetHints":{"allow":["GET"]}}],"collection":[{"href":"https:\/\/www.alexandregaillard.fr\/index.php\/wp-json\/wp\/v2\/product"}],"about":[{"href":"https:\/\/www.alexandregaillard.fr\/index.php\/wp-json\/wp\/v2\/types\/product"}],"replies":[{"embeddable":true,"href":"https:\/\/www.alexandregaillard.fr\/index.php\/wp-json\/wp\/v2\/comments?post=1448"}],"version-history":[{"count":10,"href":"https:\/\/www.alexandregaillard.fr\/index.php\/wp-json\/wp\/v2\/product\/1448\/revisions"}],"predecessor-version":[{"id":4016,"href":"https:\/\/www.alexandregaillard.fr\/index.php\/wp-json\/wp\/v2\/product\/1448\/revisions\/4016"}],"wp:featuredmedia":[{"embeddable":true,"href":"https:\/\/www.alexandregaillard.fr\/index.php\/wp-json\/wp\/v2\/media\/3426"}],"wp:attachment":[{"href":"https:\/\/www.alexandregaillard.fr\/index.php\/wp-json\/wp\/v2\/media?parent=1448"}],"wp:term":[{"taxonomy":"product_brand","embeddable":true,"href":"https:\/\/www.alexandregaillard.fr\/index.php\/wp-json\/wp\/v2\/product_brand?post=1448"},{"taxonomy":"product_cat","embeddable":true,"href":"https:\/\/www.alexandregaillard.fr\/index.php\/wp-json\/wp\/v2\/product_cat?post=1448"},{"taxonomy":"product_tag","embeddable":true,"href":"https:\/\/www.alexandregaillard.fr\/index.php\/wp-json\/wp\/v2\/product_tag?post=1448"}],"curies":[{"name":"wp","href":"https:\/\/api.w.org\/{rel}","templated":true}]}}