{"id":3387,"date":"2024-09-04T19:24:57","date_gmt":"2024-09-04T17:24:57","guid":{"rendered":"https:\/\/www.alexandregaillard.fr\/?post_type=product&#038;p=3387"},"modified":"2025-12-01T23:34:58","modified_gmt":"2025-12-01T22:34:58","slug":"le-diptyque-du-chaos-integrale-numerique","status":"publish","type":"product","link":"https:\/\/www.alexandregaillard.fr\/index.php\/product\/le-diptyque-du-chaos-integrale-numerique\/","title":{"rendered":"Le Diptyque du Chaos (ebook)"},"content":{"rendered":"<h3>Commandez le Diptyque du Chaos, dans une \u00e9dition int\u00e9grale, en version num\u00e9rique !<\/h3>\n<p>Ce roman comprend les deux tomes du Diptyque du Chaos :<\/p>\n<ul>\n<li>Demain, le Chaos<\/li>\n<li>Que l&rsquo;Aube est Belle<\/li>\n<\/ul>\n<p><a href=\"https:\/\/lire.amazon.fr\/sample\/B0DFV48CKF?f=2&amp;l=fr_FR&amp;r=e89a14ff&amp;rid=15EFSY6C79AWHND281TA&amp;sid=257-2508199-3141839&amp;cid=A3CYAG3Y7O31QH&amp;ref_=litb_m\">Lire un extrait<\/a><\/p>\n","protected":false},"excerpt":{"rendered":"<p>Commandez le Diptyque du Chaos, dans une \u00e9dition int\u00e9grale, en version num\u00e9rique ! Ce roman comprend les deux tomes du Diptyque du Chaos : Demain, le Chaos Que l&rsquo;Aube est Belle Lire un extrait<\/p>\n","protected":false},"featured_media":3793,"comment_status":"open","ping_status":"closed","template":"","meta":{"jetpack_publicize_message":"","jetpack_publicize_feature_enabled":true,"jetpack_social_post_already_shared":true,"jetpack_social_options":{"image_generator_settings":{"template":"highway","default_image_id":0,"font":"","enabled":false},"version":2}},"product_brand":[],"product_cat":[16],"product_tag":[],"class_list":{"0":"post-3387","1":"product","2":"type-product","3":"status-publish","4":"has-post-thumbnail","6":"product_cat-uncategorized","8":"first","9":"instock","10":"shipping-taxable","11":"product-type-external"},"yoast_head":"<!-- This site is optimized with the Yoast SEO plugin v27.5 - https:\/\/yoast.com\/product\/yoast-seo-wordpress\/ -->\n<title>Le Diptyque du Chaos (ebook) - Alexandre Gaillard<\/title>\n<meta name=\"description\" content=\"Pr\u00e9commandez la version int\u00e9grale du Diptyque du Chaos en num\u00e9rique sur votre Kindle Amazon\u00a0!\" \/>\n<meta name=\"robots\" content=\"index, follow, max-snippet:-1, max-image-preview:large, max-video-preview:-1\" \/>\n<link rel=\"canonical\" href=\"https:\/\/www.alexandregaillard.fr\/index.php\/product\/le-diptyque-du-chaos-integrale-numerique\/\" \/>\n<meta property=\"og:locale\" content=\"fr_FR\" \/>\n<meta property=\"og:type\" content=\"article\" \/>\n<meta property=\"og:title\" content=\"Le Diptyque du Chaos (ebook) - Alexandre Gaillard\" \/>\n<meta property=\"og:description\" content=\"Pr\u00e9commandez la version int\u00e9grale du Diptyque du Chaos en num\u00e9rique sur votre Kindle Amazon\u00a0!\" \/>\n<meta property=\"og:url\" content=\"https:\/\/www.alexandregaillard.fr\/index.php\/product\/le-diptyque-du-chaos-integrale-numerique\/\" \/>\n<meta property=\"og:site_name\" content=\"Alexandre Gaillard\" \/>\n<meta property=\"article:publisher\" content=\"https:\/\/www.facebook.com\/alexgaillardauteur\" \/>\n<meta property=\"article:modified_time\" content=\"2025-12-01T22:34:58+00:00\" \/>\n<meta property=\"og:image\" content=\"https:\/\/www.alexandregaillard.fr\/wp-content\/uploads\/2024\/09\/integrale-ebook.png\" \/>\n\t<meta property=\"og:image:width\" content=\"1080\" \/>\n\t<meta property=\"og:image:height\" content=\"1080\" \/>\n\t<meta property=\"og:image:type\" content=\"image\/png\" \/>\n<meta name=\"twitter:card\" content=\"summary_large_image\" \/>\n<meta name=\"twitter:site\" content=\"@alx_gaillard\" \/>\n<meta name=\"twitter:label1\" content=\"Dur\u00e9e de lecture estim\u00e9e\" \/>\n\t<meta name=\"twitter:data1\" content=\"1 minute\" \/>\n<script type=\"application\/ld+json\" class=\"yoast-schema-graph\">{\"@context\":\"https:\\\/\\\/schema.org\",\"@graph\":[{\"@type\":\"WebPage\",\"@id\":\"https:\\\/\\\/www.alexandregaillard.fr\\\/index.php\\\/product\\\/le-diptyque-du-chaos-integrale-numerique\\\/\",\"url\":\"https:\\\/\\\/www.alexandregaillard.fr\\\/index.php\\\/product\\\/le-diptyque-du-chaos-integrale-numerique\\\/\",\"name\":\"Le Diptyque du Chaos (ebook) - Alexandre Gaillard\",\"isPartOf\":{\"@id\":\"https:\\\/\\\/www.alexandregaillard.fr\\\/#website\"},\"primaryImageOfPage\":{\"@id\":\"https:\\\/\\\/www.alexandregaillard.fr\\\/index.php\\\/product\\\/le-diptyque-du-chaos-integrale-numerique\\\/#primaryimage\"},\"image\":{\"@id\":\"https:\\\/\\\/www.alexandregaillard.fr\\\/index.php\\\/product\\\/le-diptyque-du-chaos-integrale-numerique\\\/#primaryimage\"},\"thumbnailUrl\":\"https:\\\/\\\/www.alexandregaillard.fr\\\/wp-content\\\/uploads\\\/2024\\\/09\\\/integrale-ebook.png\",\"datePublished\":\"2024-09-04T17:24:57+00:00\",\"dateModified\":\"2025-12-01T22:34:58+00:00\",\"description\":\"Pr\u00e9commandez la version int\u00e9grale du Diptyque du Chaos en num\u00e9rique sur votre Kindle Amazon\u00a0!\",\"breadcrumb\":{\"@id\":\"https:\\\/\\\/www.alexandregaillard.fr\\\/index.php\\\/product\\\/le-diptyque-du-chaos-integrale-numerique\\\/#breadcrumb\"},\"inLanguage\":\"fr-FR\",\"potentialAction\":[{\"@type\":\"ReadAction\",\"target\":[\"https:\\\/\\\/www.alexandregaillard.fr\\\/index.php\\\/product\\\/le-diptyque-du-chaos-integrale-numerique\\\/\"]}]},{\"@type\":\"ImageObject\",\"inLanguage\":\"fr-FR\",\"@id\":\"https:\\\/\\\/www.alexandregaillard.fr\\\/index.php\\\/product\\\/le-diptyque-du-chaos-integrale-numerique\\\/#primaryimage\",\"url\":\"https:\\\/\\\/www.alexandregaillard.fr\\\/wp-content\\\/uploads\\\/2024\\\/09\\\/integrale-ebook.png\",\"contentUrl\":\"https:\\\/\\\/www.alexandregaillard.fr\\\/wp-content\\\/uploads\\\/2024\\\/09\\\/integrale-ebook.png\",\"width\":1080,\"height\":1080},{\"@type\":\"BreadcrumbList\",\"@id\":\"https:\\\/\\\/www.alexandregaillard.fr\\\/index.php\\\/product\\\/le-diptyque-du-chaos-integrale-numerique\\\/#breadcrumb\",\"itemListElement\":[{\"@type\":\"ListItem\",\"position\":1,\"name\":\"Accueil\",\"item\":\"https:\\\/\\\/www.alexandregaillard.fr\\\/\"},{\"@type\":\"ListItem\",\"position\":2,\"name\":\"Boutique\",\"item\":\"https:\\\/\\\/www.alexandregaillard.fr\\\/index.php\\\/boutique\\\/\"},{\"@type\":\"ListItem\",\"position\":3,\"name\":\"Le Diptyque du Chaos (ebook)\"}]},{\"@type\":\"WebSite\",\"@id\":\"https:\\\/\\\/www.alexandregaillard.fr\\\/#website\",\"url\":\"https:\\\/\\\/www.alexandregaillard.fr\\\/\",\"name\":\"Alexandre Gaillard\",\"description\":\"Auteur ind\u00e9pendant aux portes du fantastique\",\"publisher\":{\"@id\":\"https:\\\/\\\/www.alexandregaillard.fr\\\/#\\\/schema\\\/person\\\/0d4ca569881cd2457734b9cb8bb87924\"},\"potentialAction\":[{\"@type\":\"SearchAction\",\"target\":{\"@type\":\"EntryPoint\",\"urlTemplate\":\"https:\\\/\\\/www.alexandregaillard.fr\\\/?s={search_term_string}\"},\"query-input\":{\"@type\":\"PropertyValueSpecification\",\"valueRequired\":true,\"valueName\":\"search_term_string\"}}],\"inLanguage\":\"fr-FR\"},{\"@type\":[\"Person\",\"Organization\"],\"@id\":\"https:\\\/\\\/www.alexandregaillard.fr\\\/#\\\/schema\\\/person\\\/0d4ca569881cd2457734b9cb8bb87924\",\"name\":\"Alexandre Gaillard\",\"image\":{\"@type\":\"ImageObject\",\"inLanguage\":\"fr-FR\",\"@id\":\"http:\\\/\\\/alexandregaillard.fr\\\/wp-content\\\/uploads\\\/2023\\\/04\\\/IMG_1635-scaled-e1681375852405.jpg\",\"url\":\"http:\\\/\\\/alexandregaillard.fr\\\/wp-content\\\/uploads\\\/2023\\\/04\\\/IMG_1635-scaled-e1681375852405.jpg\",\"contentUrl\":\"http:\\\/\\\/alexandregaillard.fr\\\/wp-content\\\/uploads\\\/2023\\\/04\\\/IMG_1635-scaled-e1681375852405.jpg\",\"width\":1440,\"height\":1651,\"caption\":\"Alexandre Gaillard\"},\"logo\":{\"@id\":\"http:\\\/\\\/alexandregaillard.fr\\\/wp-content\\\/uploads\\\/2023\\\/04\\\/IMG_1635-scaled-e1681375852405.jpg\"},\"sameAs\":[\"https:\\\/\\\/www.facebook.com\\\/alexgaillardauteur\",\"https:\\\/\\\/instagram.com\\\/alexgaillardauteur?igshid=YmMyMTA2M2Y=\",\"https:\\\/\\\/x.com\\\/alx_gaillard\"]}]}<\/script>\n<!-- \/ Yoast SEO plugin. -->","yoast_head_json":{"title":"Le Diptyque du Chaos (ebook) - Alexandre Gaillard","description":"Pr\u00e9commandez la version int\u00e9grale du Diptyque du Chaos en num\u00e9rique sur votre Kindle Amazon\u00a0!","robots":{"index":"index","follow":"follow","max-snippet":"max-snippet:-1","max-image-preview":"max-image-preview:large","max-video-preview":"max-video-preview:-1"},"canonical":"https:\/\/www.alexandregaillard.fr\/index.php\/product\/le-diptyque-du-chaos-integrale-numerique\/","og_locale":"fr_FR","og_type":"article","og_title":"Le Diptyque du Chaos (ebook) - Alexandre Gaillard","og_description":"Pr\u00e9commandez la version int\u00e9grale du Diptyque du Chaos en num\u00e9rique sur votre Kindle Amazon\u00a0!","og_url":"https:\/\/www.alexandregaillard.fr\/index.php\/product\/le-diptyque-du-chaos-integrale-numerique\/","og_site_name":"Alexandre Gaillard","article_publisher":"https:\/\/www.facebook.com\/alexgaillardauteur","article_modified_time":"2025-12-01T22:34:58+00:00","og_image":[{"width":1080,"height":1080,"url":"https:\/\/www.alexandregaillard.fr\/wp-content\/uploads\/2024\/09\/integrale-ebook.png","type":"image\/png"}],"twitter_card":"summary_large_image","twitter_site":"@alx_gaillard","twitter_misc":{"Dur\u00e9e de lecture estim\u00e9e":"1 minute"},"schema":{"@context":"https:\/\/schema.org","@graph":[{"@type":"WebPage","@id":"https:\/\/www.alexandregaillard.fr\/index.php\/product\/le-diptyque-du-chaos-integrale-numerique\/","url":"https:\/\/www.alexandregaillard.fr\/index.php\/product\/le-diptyque-du-chaos-integrale-numerique\/","name":"Le Diptyque du Chaos (ebook) - Alexandre Gaillard","isPartOf":{"@id":"https:\/\/www.alexandregaillard.fr\/#website"},"primaryImageOfPage":{"@id":"https:\/\/www.alexandregaillard.fr\/index.php\/product\/le-diptyque-du-chaos-integrale-numerique\/#primaryimage"},"image":{"@id":"https:\/\/www.alexandregaillard.fr\/index.php\/product\/le-diptyque-du-chaos-integrale-numerique\/#primaryimage"},"thumbnailUrl":"https:\/\/www.alexandregaillard.fr\/wp-content\/uploads\/2024\/09\/integrale-ebook.png","datePublished":"2024-09-04T17:24:57+00:00","dateModified":"2025-12-01T22:34:58+00:00","description":"Pr\u00e9commandez la version int\u00e9grale du Diptyque du Chaos en num\u00e9rique sur votre Kindle Amazon\u00a0!","breadcrumb":{"@id":"https:\/\/www.alexandregaillard.fr\/index.php\/product\/le-diptyque-du-chaos-integrale-numerique\/#breadcrumb"},"inLanguage":"fr-FR","potentialAction":[{"@type":"ReadAction","target":["https:\/\/www.alexandregaillard.fr\/index.php\/product\/le-diptyque-du-chaos-integrale-numerique\/"]}]},{"@type":"ImageObject","inLanguage":"fr-FR","@id":"https:\/\/www.alexandregaillard.fr\/index.php\/product\/le-diptyque-du-chaos-integrale-numerique\/#primaryimage","url":"https:\/\/www.alexandregaillard.fr\/wp-content\/uploads\/2024\/09\/integrale-ebook.png","contentUrl":"https:\/\/www.alexandregaillard.fr\/wp-content\/uploads\/2024\/09\/integrale-ebook.png","width":1080,"height":1080},{"@type":"BreadcrumbList","@id":"https:\/\/www.alexandregaillard.fr\/index.php\/product\/le-diptyque-du-chaos-integrale-numerique\/#breadcrumb","itemListElement":[{"@type":"ListItem","position":1,"name":"Accueil","item":"https:\/\/www.alexandregaillard.fr\/"},{"@type":"ListItem","position":2,"name":"Boutique","item":"https:\/\/www.alexandregaillard.fr\/index.php\/boutique\/"},{"@type":"ListItem","position":3,"name":"Le Diptyque du Chaos (ebook)"}]},{"@type":"WebSite","@id":"https:\/\/www.alexandregaillard.fr\/#website","url":"https:\/\/www.alexandregaillard.fr\/","name":"Alexandre Gaillard","description":"Auteur ind\u00e9pendant aux portes du fantastique","publisher":{"@id":"https:\/\/www.alexandregaillard.fr\/#\/schema\/person\/0d4ca569881cd2457734b9cb8bb87924"},"potentialAction":[{"@type":"SearchAction","target":{"@type":"EntryPoint","urlTemplate":"https:\/\/www.alexandregaillard.fr\/?s={search_term_string}"},"query-input":{"@type":"PropertyValueSpecification","valueRequired":true,"valueName":"search_term_string"}}],"inLanguage":"fr-FR"},{"@type":["Person","Organization"],"@id":"https:\/\/www.alexandregaillard.fr\/#\/schema\/person\/0d4ca569881cd2457734b9cb8bb87924","name":"Alexandre Gaillard","image":{"@type":"ImageObject","inLanguage":"fr-FR","@id":"http:\/\/alexandregaillard.fr\/wp-content\/uploads\/2023\/04\/IMG_1635-scaled-e1681375852405.jpg","url":"http:\/\/alexandregaillard.fr\/wp-content\/uploads\/2023\/04\/IMG_1635-scaled-e1681375852405.jpg","contentUrl":"http:\/\/alexandregaillard.fr\/wp-content\/uploads\/2023\/04\/IMG_1635-scaled-e1681375852405.jpg","width":1440,"height":1651,"caption":"Alexandre Gaillard"},"logo":{"@id":"http:\/\/alexandregaillard.fr\/wp-content\/uploads\/2023\/04\/IMG_1635-scaled-e1681375852405.jpg"},"sameAs":["https:\/\/www.facebook.com\/alexgaillardauteur","https:\/\/instagram.com\/alexgaillardauteur?igshid=YmMyMTA2M2Y=","https:\/\/x.com\/alx_gaillard"]}]}},"jetpack_publicize_connections":[],"jetpack_likes_enabled":true,"jetpack_sharing_enabled":true,"_links":{"self":[{"href":"https:\/\/www.alexandregaillard.fr\/index.php\/wp-json\/wp\/v2\/product\/3387","targetHints":{"allow":["GET"]}}],"collection":[{"href":"https:\/\/www.alexandregaillard.fr\/index.php\/wp-json\/wp\/v2\/product"}],"about":[{"href":"https:\/\/www.alexandregaillard.fr\/index.php\/wp-json\/wp\/v2\/types\/product"}],"replies":[{"embeddable":true,"href":"https:\/\/www.alexandregaillard.fr\/index.php\/wp-json\/wp\/v2\/comments?post=3387"}],"version-history":[{"count":7,"href":"https:\/\/www.alexandregaillard.fr\/index.php\/wp-json\/wp\/v2\/product\/3387\/revisions"}],"predecessor-version":[{"id":4071,"href":"https:\/\/www.alexandregaillard.fr\/index.php\/wp-json\/wp\/v2\/product\/3387\/revisions\/4071"}],"wp:featuredmedia":[{"embeddable":true,"href":"https:\/\/www.alexandregaillard.fr\/index.php\/wp-json\/wp\/v2\/media\/3793"}],"wp:attachment":[{"href":"https:\/\/www.alexandregaillard.fr\/index.php\/wp-json\/wp\/v2\/media?parent=3387"}],"wp:term":[{"taxonomy":"product_brand","embeddable":true,"href":"https:\/\/www.alexandregaillard.fr\/index.php\/wp-json\/wp\/v2\/product_brand?post=3387"},{"taxonomy":"product_cat","embeddable":true,"href":"https:\/\/www.alexandregaillard.fr\/index.php\/wp-json\/wp\/v2\/product_cat?post=3387"},{"taxonomy":"product_tag","embeddable":true,"href":"https:\/\/www.alexandregaillard.fr\/index.php\/wp-json\/wp\/v2\/product_tag?post=3387"}],"curies":[{"name":"wp","href":"https:\/\/api.w.org\/{rel}","templated":true}]}}